{"id":1548,"date":"2024-04-08T14:39:37","date_gmt":"2024-04-08T14:39:37","guid":{"rendered":"https:\/\/lucaspets.cl\/?post_type=product&#038;p=1548"},"modified":"2026-04-17T17:19:09","modified_gmt":"2026-04-17T20:19:09","slug":"doko-adulto-18kg","status":"publish","type":"product","link":"https:\/\/lucaspets.cl\/index.php\/product\/doko-adulto-18kg\/","title":{"rendered":"DOKO ADULTO 16,5 KG"},"content":{"rendered":"<p>Alimento seco para perros Adultos de todos los tama\u00f1os DOKO\u00ae sabor Carne, Pollo, Cereales y Vegetales. Un alimento 100% completo y balanceado con 4 fuentes de prote\u00edna, de las cuales 40% es de fuente animal. Un solo producto con 15 beneficios que ayudan a la salud, como m\u00fasculos fuertes, piel sana, pelaje saludable, y m\u00e1s. Ahora sin colorantes artificiales a\u00f1adidos.<\/p>\n<ul>\n<li>4 Fuentes de Prote\u00edna<\/li>\n<li>15 Beneficios para la Salud<\/li>\n<li>40% de la Prote\u00edna es de Fuente Animal<\/li>\n<\/ul>\n","protected":false},"excerpt":{"rendered":"<p>Alimento seco para perros Adultos de todos los tama\u00f1os DOKO\u00ae sabor Carne, Pollo, Cereales y Vegetales. Un alimento 100% completo y balanceado con 4 fuentes de prote\u00edna, de las cuales 40% es de fuente animal. Un solo producto con 15 beneficios que ayudan a la salud, como m\u00fasculos fuertes, piel sana, pelaje saludable, y m\u00e1s&#8230;.<\/p>\n","protected":false},"featured_media":1622,"template":"","meta":{"_kadence_starter_templates_imported_post":false,"_kad_post_transparent":"default","_kad_post_title":"","_kad_post_layout":"default","_kad_post_sidebar_id":"","_kad_post_content_style":"default","_kad_post_vertical_padding":"default","_kad_post_feature":"","_kad_post_feature_position":"","_kad_post_header":false,"_kad_post_footer":false},"product_brand":[],"product_cat":[28],"product_tag":[],"class_list":{"0":"post-1548","1":"product","2":"type-product","3":"status-publish","4":"has-post-thumbnail","6":"product_cat-alimento-de-perro","8":"first","9":"instock","10":"shipping-taxable","11":"purchasable","12":"product-type-simple","13":"entry","14":"content-bg","15":"loop-entry"},"_links":{"self":[{"href":"https:\/\/lucaspets.cl\/index.php\/wp-json\/wp\/v2\/product\/1548","targetHints":{"allow":["GET"]}}],"collection":[{"href":"https:\/\/lucaspets.cl\/index.php\/wp-json\/wp\/v2\/product"}],"about":[{"href":"https:\/\/lucaspets.cl\/index.php\/wp-json\/wp\/v2\/types\/product"}],"wp:featuredmedia":[{"embeddable":true,"href":"https:\/\/lucaspets.cl\/index.php\/wp-json\/wp\/v2\/media\/1622"}],"wp:attachment":[{"href":"https:\/\/lucaspets.cl\/index.php\/wp-json\/wp\/v2\/media?parent=1548"}],"wp:term":[{"taxonomy":"product_brand","embeddable":true,"href":"https:\/\/lucaspets.cl\/index.php\/wp-json\/wp\/v2\/product_brand?post=1548"},{"taxonomy":"product_cat","embeddable":true,"href":"https:\/\/lucaspets.cl\/index.php\/wp-json\/wp\/v2\/product_cat?post=1548"},{"taxonomy":"product_tag","embeddable":true,"href":"https:\/\/lucaspets.cl\/index.php\/wp-json\/wp\/v2\/product_tag?post=1548"}],"curies":[{"name":"wp","href":"https:\/\/api.w.org\/{rel}","templated":true}]}}