{"id":1551,"date":"2024-04-08T14:42:12","date_gmt":"2024-04-08T14:42:12","guid":{"rendered":"https:\/\/lucaspets.cl\/?post_type=product&#038;p=1551"},"modified":"2025-06-25T20:55:28","modified_gmt":"2025-06-25T23:55:28","slug":"doko-cachorro-18-kg","status":"publish","type":"product","link":"https:\/\/lucaspets.cl\/index.php\/product\/doko-cachorro-18-kg\/","title":{"rendered":"DOKO CACHORRO 16,5 KG"},"content":{"rendered":"<p>Alimento seco para cachorros de todos los tama\u00f1os DOKO\u00ae sabor Carne, Pollo, Cereales, Vegetales y Leche. Un alimento 100% completo y balanceado con 5 fuentes de prote\u00edna, de las cuales 40% es de fuente animal. Un solo producto con 15 beneficios que ayudan a la salud, como m\u00fasculos fuertes, piel sana, pelaje saludable, y m\u00e1s. Ahora sin colorantes artificiales a\u00f1adidos. Formato de 18kg.<\/p>\n<ul>\n<li>5 Fuentes de Prote\u00edna<\/li>\n<li>15 Beneficios para la Salud<\/li>\n<li>40% de la \u00a0Prote\u00edna es de Fuente Animal<\/li>\n<\/ul>\n","protected":false},"excerpt":{"rendered":"<p>Alimento seco para cachorros de todos los tama\u00f1os DOKO\u00ae sabor Carne, Pollo, Cereales, Vegetales y Leche. Un alimento 100% completo y balanceado con 5 fuentes de prote\u00edna, de las cuales 40% es de fuente animal. Un solo producto con 15 beneficios que ayudan a la salud, como m\u00fasculos fuertes, piel sana, pelaje saludable, y m\u00e1s&#8230;.<\/p>\n","protected":false},"featured_media":1621,"template":"","meta":{"_kadence_starter_templates_imported_post":false,"_kad_post_transparent":"default","_kad_post_title":"","_kad_post_layout":"default","_kad_post_sidebar_id":"","_kad_post_content_style":"default","_kad_post_vertical_padding":"default","_kad_post_feature":"","_kad_post_feature_position":"","_kad_post_header":false,"_kad_post_footer":false},"product_brand":[],"product_cat":[28],"product_tag":[],"class_list":{"0":"post-1551","1":"product","2":"type-product","3":"status-publish","4":"has-post-thumbnail","6":"product_cat-alimento-de-perro","8":"first","9":"instock","10":"shipping-taxable","11":"purchasable","12":"product-type-simple","13":"entry","14":"content-bg","15":"loop-entry"},"_links":{"self":[{"href":"https:\/\/lucaspets.cl\/index.php\/wp-json\/wp\/v2\/product\/1551","targetHints":{"allow":["GET"]}}],"collection":[{"href":"https:\/\/lucaspets.cl\/index.php\/wp-json\/wp\/v2\/product"}],"about":[{"href":"https:\/\/lucaspets.cl\/index.php\/wp-json\/wp\/v2\/types\/product"}],"wp:featuredmedia":[{"embeddable":true,"href":"https:\/\/lucaspets.cl\/index.php\/wp-json\/wp\/v2\/media\/1621"}],"wp:attachment":[{"href":"https:\/\/lucaspets.cl\/index.php\/wp-json\/wp\/v2\/media?parent=1551"}],"wp:term":[{"taxonomy":"product_brand","embeddable":true,"href":"https:\/\/lucaspets.cl\/index.php\/wp-json\/wp\/v2\/product_brand?post=1551"},{"taxonomy":"product_cat","embeddable":true,"href":"https:\/\/lucaspets.cl\/index.php\/wp-json\/wp\/v2\/product_cat?post=1551"},{"taxonomy":"product_tag","embeddable":true,"href":"https:\/\/lucaspets.cl\/index.php\/wp-json\/wp\/v2\/product_tag?post=1551"}],"curies":[{"name":"wp","href":"https:\/\/api.w.org\/{rel}","templated":true}]}}