{"id":1654,"date":"2024-04-17T15:24:39","date_gmt":"2024-04-17T15:24:39","guid":{"rendered":"https:\/\/lucaspets.cl\/index.php\/product\/master-dog-cachorro-18-kg\/"},"modified":"2026-01-28T11:59:51","modified_gmt":"2026-01-28T14:59:51","slug":"master-dog-cachorro-18-kg","status":"publish","type":"product","link":"https:\/\/lucaspets.cl\/index.php\/product\/master-dog-cachorro-18-kg\/","title":{"rendered":"MASTER DOG CACHORRO 18 KG"},"content":{"rendered":"<table>\n<tbody>\n<tr>\n<td colspan=\"2\">An\u00e1lisis nutricional garantizado<\/td>\n<\/tr>\n<tr>\n<td>Prote\u00ednas<\/td>\n<td>M\u00ednimo 26%<\/td>\n<\/tr>\n<tr>\n<td>Materia Grasa<\/td>\n<td>M\u00ednimo 11%<\/td>\n<\/tr>\n<tr>\n<td>Fibra<\/td>\n<td>M\u00e1ximo 3%<\/td>\n<\/tr>\n<tr>\n<td>Humedad<\/td>\n<td>M\u00e1ximo 10%<\/td>\n<\/tr>\n<\/tbody>\n<\/table>\n<div class=\"itemtitleInfo\">\n<div class=\"bgRojo\">\n<div class=\"infoDatoNutricional py-4\">\n<div class=\"container-fluid\">\n<div class=\"row\">\n<div class=\"col-lg-8 col-11 m-auto\">\n<div class=\"row d-flex align-items-center\">\n<div class=\"col-lg-9 col-7\">\n<div class=\"parrafo\">\n<p>INGREDIENTES :Ma\u00edz, harina de carne y hueso (bovino y\/o cerdo), harinilla de cereal (trigo y\/o arroz), harina de subproducto de ave, aceite de ave y cerdo (estabilizado con antioxidantes BHT\/BHA),arroz, hidrolizado de h\u00edgado (ave y\/o cerdo), gluten de ma\u00edz, premix vitam\u00ednico mineral (colina, magnesio, zinc, vitamina E, hierro, niacina, vitamina B5, cobre, vitamina B2, manganeso, vitamina B1, vitamina B6, vitamina A, vitamina K3, \u00e1cido f\u00f3lico, yodo, biotina, potasio, vitamina D3, vitamina B12, selenio), cloruro de sodio, DHA, zeolita, leche en polvo, prebi\u00f3ticos, extracto de Yucca, antif\u00fangicos autorizados, colorantes autorizados, antioxidantes BHT\/BHA.<\/p>\n<\/div>\n<\/div>\n<\/div>\n<\/div>\n<\/div>\n<\/div>\n<\/div>\n<\/div>\n<\/div>\n<div class=\"itemtitleInfo\">\n<div class=\"bgBlanco\"><\/div>\n<\/div>\n","protected":false},"excerpt":{"rendered":"<p>Alimento completo y balanceado, recomendado para tu\u00a0 Cachorro Raza Mediana y Grande desde los 1,5 meses a los 18 meses de vida. Contiene m\u00e1s prote\u00ednas para un mejor desarrollo muscular y m\u00e1s materia grasa para entregarle toda la energ\u00eda que necesita en sus juegos. Adem\u00e1s incorpora DHA lo que favorece su desarrollo cerebral y correcto funcionamiento de la visi\u00f3n, y prebi\u00f3ticos que fortalecen su inmunidad.<\/p>\n","protected":false},"featured_media":1906,"template":"","meta":{"_kadence_starter_templates_imported_post":false,"_kad_post_transparent":"default","_kad_post_title":"","_kad_post_layout":"default","_kad_post_sidebar_id":"","_kad_post_content_style":"default","_kad_post_vertical_padding":"default","_kad_post_feature":"","_kad_post_feature_position":"","_kad_post_header":false,"_kad_post_footer":false},"product_brand":[],"product_cat":[28],"product_tag":[],"class_list":{"0":"post-1654","1":"product","2":"type-product","3":"status-publish","4":"has-post-thumbnail","6":"product_cat-alimento-de-perro","8":"first","9":"instock","10":"sale","11":"shipping-taxable","12":"purchasable","13":"product-type-simple","14":"entry","15":"content-bg","16":"loop-entry"},"_links":{"self":[{"href":"https:\/\/lucaspets.cl\/index.php\/wp-json\/wp\/v2\/product\/1654","targetHints":{"allow":["GET"]}}],"collection":[{"href":"https:\/\/lucaspets.cl\/index.php\/wp-json\/wp\/v2\/product"}],"about":[{"href":"https:\/\/lucaspets.cl\/index.php\/wp-json\/wp\/v2\/types\/product"}],"wp:featuredmedia":[{"embeddable":true,"href":"https:\/\/lucaspets.cl\/index.php\/wp-json\/wp\/v2\/media\/1906"}],"wp:attachment":[{"href":"https:\/\/lucaspets.cl\/index.php\/wp-json\/wp\/v2\/media?parent=1654"}],"wp:term":[{"taxonomy":"product_brand","embeddable":true,"href":"https:\/\/lucaspets.cl\/index.php\/wp-json\/wp\/v2\/product_brand?post=1654"},{"taxonomy":"product_cat","embeddable":true,"href":"https:\/\/lucaspets.cl\/index.php\/wp-json\/wp\/v2\/product_cat?post=1654"},{"taxonomy":"product_tag","embeddable":true,"href":"https:\/\/lucaspets.cl\/index.php\/wp-json\/wp\/v2\/product_tag?post=1654"}],"curies":[{"name":"wp","href":"https:\/\/api.w.org\/{rel}","templated":true}]}}