{"id":2120,"date":"2024-07-22T16:58:57","date_gmt":"2024-07-22T16:58:57","guid":{"rendered":"https:\/\/lucaspets.cl\/?post_type=product&#038;p=2120"},"modified":"2025-10-07T12:43:05","modified_gmt":"2025-10-07T15:43:05","slug":"top-one-gatos-9-kg","status":"publish","type":"product","link":"https:\/\/lucaspets.cl\/index.php\/product\/top-one-gatos-9-kg\/","title":{"rendered":"TOP ONE GATOS 9 KG"},"content":{"rendered":"<p class=\"p1\"><b>Top One Gatos Adultos 9 kg<\/b><b><\/b><\/p>\n<p class=\"p2\">\u2714 31% prote\u00edna para m\u00fasculos fuertes<\/p>\n<p class=\"p2\">\u2714 Sabor pollo y salm\u00f3n irresistible<\/p>\n<p class=\"p2\">\u2714 Taurina para un coraz\u00f3n sano<\/p>\n<p class=\"p2\">\u2714 Antioxidantes que refuerzan defensas<\/p>\n<p class=\"p2\">\u2714 Omega 3 y 6 para pelaje brillante<\/p>\n<p class=\"p2\">\u2714 Prebi\u00f3ticos para buena digesti\u00f3n<\/p>\n<p class=\"p2\">\u2714 Minerales balanceados: cuida su tracto urinario<\/p>\n<p class=\"p2\">\u00bfQuieres lo mejor para tu michi? Encu\u00e9ntralo en <span class=\"s1\"><b>Amigales.cl<\/b><\/span> \ud83d\udc3e<\/p>\n","protected":false},"excerpt":{"rendered":"<p>Alimento para gatos adultos con pollo y salm\u00f3n, rico en prote\u00ednas y taurina para un coraz\u00f3n saludable, piel brillante y un sistema inmunol\u00f3gico fuerte.<\/p>\n","protected":false},"featured_media":2596,"template":"","meta":{"_kadence_starter_templates_imported_post":false,"_kad_post_transparent":"default","_kad_post_title":"","_kad_post_layout":"default","_kad_post_sidebar_id":"","_kad_post_content_style":"default","_kad_post_vertical_padding":"default","_kad_post_feature":"","_kad_post_feature_position":"","_kad_post_header":false,"_kad_post_footer":false},"product_brand":[],"product_cat":[29],"product_tag":[],"class_list":{"0":"post-2120","1":"product","2":"type-product","3":"status-publish","4":"has-post-thumbnail","6":"product_cat-alimento-de-gato","8":"first","9":"instock","10":"sale","11":"shipping-taxable","12":"purchasable","13":"product-type-simple","14":"entry","15":"content-bg","16":"loop-entry"},"_links":{"self":[{"href":"https:\/\/lucaspets.cl\/index.php\/wp-json\/wp\/v2\/product\/2120","targetHints":{"allow":["GET"]}}],"collection":[{"href":"https:\/\/lucaspets.cl\/index.php\/wp-json\/wp\/v2\/product"}],"about":[{"href":"https:\/\/lucaspets.cl\/index.php\/wp-json\/wp\/v2\/types\/product"}],"wp:featuredmedia":[{"embeddable":true,"href":"https:\/\/lucaspets.cl\/index.php\/wp-json\/wp\/v2\/media\/2596"}],"wp:attachment":[{"href":"https:\/\/lucaspets.cl\/index.php\/wp-json\/wp\/v2\/media?parent=2120"}],"wp:term":[{"taxonomy":"product_brand","embeddable":true,"href":"https:\/\/lucaspets.cl\/index.php\/wp-json\/wp\/v2\/product_brand?post=2120"},{"taxonomy":"product_cat","embeddable":true,"href":"https:\/\/lucaspets.cl\/index.php\/wp-json\/wp\/v2\/product_cat?post=2120"},{"taxonomy":"product_tag","embeddable":true,"href":"https:\/\/lucaspets.cl\/index.php\/wp-json\/wp\/v2\/product_tag?post=2120"}],"curies":[{"name":"wp","href":"https:\/\/api.w.org\/{rel}","templated":true}]}}