{"id":2243,"date":"2024-10-22T13:28:03","date_gmt":"2024-10-22T13:28:03","guid":{"rendered":"https:\/\/lucaspets.cl\/?post_type=product&#038;p=2243"},"modified":"2024-10-22T13:28:03","modified_gmt":"2024-10-22T13:28:03","slug":"felix-gatitos-megamix-8-kg","status":"publish","type":"product","link":"https:\/\/lucaspets.cl\/index.php\/product\/felix-gatitos-megamix-8-kg\/","title":{"rendered":"FELIX GATITOS MEGAMIX 8 KG"},"content":{"rendered":"<p>PURINA\u00ae FELIX\u00ae Megamix Gatitos es un alimento seco completo y balanceado para gatitos desde el destete hasta los 12 meses de edad. Tambi\u00e9n indicado para hembras gestantes y lactantes de todos los tama\u00f1os. FELIX\u00ae ha creado un mix delicioso de 7 prote\u00ednas que a tu gatito le encantar\u00e1, teniendo en cada bocado una nueva combinaci\u00f3n. Este alimento no solo es delicioso, sino que contiene leche y DHA, promueve una piel y pelaje saludable, y contiene prote\u00ednas de alta calidad y vitaminas y minerales esenciales. \u00a1Tu gatito se la ingeniar\u00e1 para tener un megamix de sabores todos los d\u00edas!<\/p>\n","protected":false},"excerpt":{"rendered":"<p>PURINA\u00ae FELIX\u00ae Megamix Gatitos es un alimento seco completo y balanceado para gatitos desde el destete hasta los 12 meses de edad. Tambi\u00e9n indicado para hembras gestantes y lactantes de todos los tama\u00f1os. FELIX\u00ae ha creado un mix delicioso de 7 prote\u00ednas que a tu gatito le encantar\u00e1, teniendo en cada bocado una nueva combinaci\u00f3n&#8230;.<\/p>\n","protected":false},"featured_media":2244,"template":"","meta":{"_kadence_starter_templates_imported_post":false,"_kad_post_transparent":"default","_kad_post_title":"","_kad_post_layout":"default","_kad_post_sidebar_id":"","_kad_post_content_style":"default","_kad_post_vertical_padding":"default","_kad_post_feature":"","_kad_post_feature_position":"","_kad_post_header":false,"_kad_post_footer":false},"product_brand":[],"product_cat":[29],"product_tag":[],"class_list":{"0":"post-2243","1":"product","2":"type-product","3":"status-publish","4":"has-post-thumbnail","6":"product_cat-alimento-de-gato","8":"first","9":"instock","10":"shipping-taxable","11":"purchasable","12":"product-type-simple","13":"entry","14":"content-bg","15":"loop-entry"},"_links":{"self":[{"href":"https:\/\/lucaspets.cl\/index.php\/wp-json\/wp\/v2\/product\/2243","targetHints":{"allow":["GET"]}}],"collection":[{"href":"https:\/\/lucaspets.cl\/index.php\/wp-json\/wp\/v2\/product"}],"about":[{"href":"https:\/\/lucaspets.cl\/index.php\/wp-json\/wp\/v2\/types\/product"}],"wp:featuredmedia":[{"embeddable":true,"href":"https:\/\/lucaspets.cl\/index.php\/wp-json\/wp\/v2\/media\/2244"}],"wp:attachment":[{"href":"https:\/\/lucaspets.cl\/index.php\/wp-json\/wp\/v2\/media?parent=2243"}],"wp:term":[{"taxonomy":"product_brand","embeddable":true,"href":"https:\/\/lucaspets.cl\/index.php\/wp-json\/wp\/v2\/product_brand?post=2243"},{"taxonomy":"product_cat","embeddable":true,"href":"https:\/\/lucaspets.cl\/index.php\/wp-json\/wp\/v2\/product_cat?post=2243"},{"taxonomy":"product_tag","embeddable":true,"href":"https:\/\/lucaspets.cl\/index.php\/wp-json\/wp\/v2\/product_tag?post=2243"}],"curies":[{"name":"wp","href":"https:\/\/api.w.org\/{rel}","templated":true}]}}