{"id":2248,"date":"2024-10-22T13:36:30","date_gmt":"2024-10-22T13:36:30","guid":{"rendered":"https:\/\/lucaspets.cl\/?post_type=product&#038;p=2248"},"modified":"2024-10-22T13:36:30","modified_gmt":"2024-10-22T13:36:30","slug":"proplan-adulto-razas-pequenas-75-kg","status":"publish","type":"product","link":"https:\/\/lucaspets.cl\/index.php\/product\/proplan-adulto-razas-pequenas-75-kg\/","title":{"rendered":"PROPLAN ADULTO RAZAS PEQUE\u00d1AS 7,5 KG"},"content":{"rendered":"<ul>\n<li>Provee nutrici\u00f3n de avanzada que ayuda a los perros de razas peque\u00f1as a mantenerse fuertes y llenos de vitalidad.<\/li>\n<li>Para satisfacer las necesidades nutricionales espec\u00edficas de los perros de razas peque\u00f1as, PRO PLAN\u00ae ha desarrollado OptiHealth Razas Peque\u00f1as, una f\u00f3rmula que ofrece nutrici\u00f3n concentrada con \u00f3ptimos niveles de prote\u00ednas (29%) y grasas (17%)<\/li>\n<li>29% PROTEINA<\/li>\n<\/ul>\n","protected":false},"excerpt":{"rendered":"<p>Provee nutrici\u00f3n de avanzada que ayuda a los perros de razas peque\u00f1as a mantenerse fuertes y llenos de vitalidad. Para satisfacer las necesidades nutricionales espec\u00edficas de los perros de razas peque\u00f1as, PRO PLAN\u00ae ha desarrollado OptiHealth Razas Peque\u00f1as, una f\u00f3rmula que ofrece nutrici\u00f3n concentrada con \u00f3ptimos niveles de prote\u00ednas (29%) y grasas (17%) 29% PROTEINA<\/p>\n","protected":false},"featured_media":2249,"template":"","meta":{"_kadence_starter_templates_imported_post":false,"_kad_post_transparent":"default","_kad_post_title":"","_kad_post_layout":"default","_kad_post_sidebar_id":"","_kad_post_content_style":"default","_kad_post_vertical_padding":"default","_kad_post_feature":"","_kad_post_feature_position":"","_kad_post_header":false,"_kad_post_footer":false},"product_brand":[],"product_cat":[28],"product_tag":[],"class_list":{"0":"post-2248","1":"product","2":"type-product","3":"status-publish","4":"has-post-thumbnail","6":"product_cat-alimento-de-perro","8":"first","9":"instock","10":"shipping-taxable","11":"purchasable","12":"product-type-simple","13":"entry","14":"content-bg","15":"loop-entry"},"_links":{"self":[{"href":"https:\/\/lucaspets.cl\/index.php\/wp-json\/wp\/v2\/product\/2248","targetHints":{"allow":["GET"]}}],"collection":[{"href":"https:\/\/lucaspets.cl\/index.php\/wp-json\/wp\/v2\/product"}],"about":[{"href":"https:\/\/lucaspets.cl\/index.php\/wp-json\/wp\/v2\/types\/product"}],"wp:featuredmedia":[{"embeddable":true,"href":"https:\/\/lucaspets.cl\/index.php\/wp-json\/wp\/v2\/media\/2249"}],"wp:attachment":[{"href":"https:\/\/lucaspets.cl\/index.php\/wp-json\/wp\/v2\/media?parent=2248"}],"wp:term":[{"taxonomy":"product_brand","embeddable":true,"href":"https:\/\/lucaspets.cl\/index.php\/wp-json\/wp\/v2\/product_brand?post=2248"},{"taxonomy":"product_cat","embeddable":true,"href":"https:\/\/lucaspets.cl\/index.php\/wp-json\/wp\/v2\/product_cat?post=2248"},{"taxonomy":"product_tag","embeddable":true,"href":"https:\/\/lucaspets.cl\/index.php\/wp-json\/wp\/v2\/product_tag?post=2248"}],"curies":[{"name":"wp","href":"https:\/\/api.w.org\/{rel}","templated":true}]}}