{"id":2296,"date":"2024-12-06T12:32:36","date_gmt":"2024-12-06T15:32:36","guid":{"rendered":"https:\/\/lucaspets.cl\/?post_type=product&#038;p=2296"},"modified":"2024-12-14T12:36:56","modified_gmt":"2024-12-14T15:36:56","slug":"arena-turbo-clean-aroma-lavanda-20-kg","status":"publish","type":"product","link":"https:\/\/lucaspets.cl\/index.php\/product\/arena-turbo-clean-aroma-lavanda-20-kg\/","title":{"rendered":"ARENA TURBO CLEAN AROMA LAVANDA 20 KG"},"content":{"rendered":"<ul>\n<li>Turbo Clean absorbe la orina del gato con rapidez, convirtiendo los desechos en bolitas compactas de f\u00e1cil retiro.<\/li>\n<li>Posee gr\u00e1nulos de carb\u00f3n activado para combatir los malos olores y bicarbonato de sodio para ayudar a eliminar las bacterias.<\/li>\n<\/ul>\n","protected":false},"excerpt":{"rendered":"<p>Turbo Clean absorbe la orina del gato con rapidez, convirtiendo los desechos en bolitas compactas de f\u00e1cil retiro. Posee gr\u00e1nulos de carb\u00f3n activado para combatir los malos olores y bicarbonato de sodio para ayudar a eliminar las bacterias.<\/p>\n","protected":false},"featured_media":2298,"template":"","meta":{"_kadence_starter_templates_imported_post":false,"_kad_post_transparent":"default","_kad_post_title":"","_kad_post_layout":"default","_kad_post_sidebar_id":"","_kad_post_content_style":"default","_kad_post_vertical_padding":"default","_kad_post_feature":"","_kad_post_feature_position":"","_kad_post_header":false,"_kad_post_footer":false},"product_brand":[],"product_cat":[30],"product_tag":[],"class_list":{"0":"post-2296","1":"product","2":"type-product","3":"status-publish","4":"has-post-thumbnail","6":"product_cat-arena-sanitaria","8":"first","9":"outofstock","10":"shipping-taxable","11":"product-type-simple","12":"entry","13":"content-bg","14":"loop-entry"},"_links":{"self":[{"href":"https:\/\/lucaspets.cl\/index.php\/wp-json\/wp\/v2\/product\/2296","targetHints":{"allow":["GET"]}}],"collection":[{"href":"https:\/\/lucaspets.cl\/index.php\/wp-json\/wp\/v2\/product"}],"about":[{"href":"https:\/\/lucaspets.cl\/index.php\/wp-json\/wp\/v2\/types\/product"}],"wp:featuredmedia":[{"embeddable":true,"href":"https:\/\/lucaspets.cl\/index.php\/wp-json\/wp\/v2\/media\/2298"}],"wp:attachment":[{"href":"https:\/\/lucaspets.cl\/index.php\/wp-json\/wp\/v2\/media?parent=2296"}],"wp:term":[{"taxonomy":"product_brand","embeddable":true,"href":"https:\/\/lucaspets.cl\/index.php\/wp-json\/wp\/v2\/product_brand?post=2296"},{"taxonomy":"product_cat","embeddable":true,"href":"https:\/\/lucaspets.cl\/index.php\/wp-json\/wp\/v2\/product_cat?post=2296"},{"taxonomy":"product_tag","embeddable":true,"href":"https:\/\/lucaspets.cl\/index.php\/wp-json\/wp\/v2\/product_tag?post=2296"}],"curies":[{"name":"wp","href":"https:\/\/api.w.org\/{rel}","templated":true}]}}