{"id":2460,"date":"2025-04-29T18:04:43","date_gmt":"2025-04-29T21:04:43","guid":{"rendered":"https:\/\/lucaspets.cl\/?post_type=product&#038;p=2460"},"modified":"2026-05-03T20:15:47","modified_gmt":"2026-05-03T23:15:47","slug":"animal-planet-alimento-para-perros-razas-medianas-y-grandes-20-kg","status":"publish","type":"product","link":"https:\/\/lucaspets.cl\/index.php\/product\/animal-planet-alimento-para-perros-razas-medianas-y-grandes-20-kg\/","title":{"rendered":"ANIMAL PLANET , ALIMENTO PARA PERROS RAZAS MEDIANAS Y GRANDES 20 KG"},"content":{"rendered":"","protected":false},"excerpt":{"rendered":"<table cellspacing=\"0\" cellpadding=\"0\">\n<tbody>\n<tr>\n<td valign=\"top\">\n<table cellspacing=\"0\" cellpadding=\"0\">\n<tbody>\n<tr>\n<td colspan=\"2\" valign=\"top\">Ingredientes<\/td>\n<\/tr>\n<\/tbody>\n<\/table>\n<\/td>\n<td valign=\"top\">Harina de ave; Arroz; Ma\u00edz; Salvado de arroz; Harinilla de trigo;Grasa de aves de corral y\/o vegetal; Prote\u00edna hidrolizada de ave y\/o cerdo; Prote\u00edna hidrolizada de pescado; Harina de carne y hueso bovino; (Vitaminas: Colina; E; B5; B3; B2; B1; A; B6; K3; B9;H; B12; D3; Minerales: Zinc (Como Sulfato y Org\u00e1nico); Hierro;Cobre; Potasio; Yodo; Manganeso; Selenio (Como Selenito y org\u00e1nico); Levadura de cerveza; Sal; Aceite de pescado desodorizado (fuente de \u00e1cidos grasos omega-3); Bentonita y\/o zeolita; Antif\u00fangico; Metionina; Antioxidante; Tript\u00f3fano;Prebi\u00f3tico; Extracto de yucca (reduce olor de las heces, mejora aprovechamiento de nutrientes). Eventuales Sustitutos totales o parciales: Harina de carne y hueso de cerdo; Grasa de Cerdo y\/o bovino; Huevo; Hemoprote\u00edna aviar; Harina de Mejill\u00f3n;Hidrolizado de Camar\u00f3n; Tensoactivos; Prote\u00edna de ma\u00edz.<\/td>\n<\/tr>\n<tr>\n<td valign=\"top\">Tabla Nutricional<\/td>\n<td valign=\"top\">Prote\u00edna Cruda (min.): 26% Grasa Cruda (min.): 12% Fibra Cruda(max.): 3,5% Humedad (max.): 10%<\/td>\n<\/tr>\n<\/tbody>\n<\/table>\n","protected":false},"featured_media":2461,"template":"","meta":{"_kadence_starter_templates_imported_post":false,"_kad_post_transparent":"default","_kad_post_title":"","_kad_post_layout":"default","_kad_post_sidebar_id":"","_kad_post_content_style":"default","_kad_post_vertical_padding":"default","_kad_post_feature":"","_kad_post_feature_position":"","_kad_post_header":false,"_kad_post_footer":false},"product_brand":[],"product_cat":[28],"product_tag":[],"class_list":{"0":"post-2460","1":"product","2":"type-product","3":"status-publish","4":"has-post-thumbnail","6":"product_cat-alimento-de-perro","8":"first","9":"outofstock","10":"shipping-taxable","11":"purchasable","12":"product-type-simple","13":"entry","14":"content-bg","15":"loop-entry"},"_links":{"self":[{"href":"https:\/\/lucaspets.cl\/index.php\/wp-json\/wp\/v2\/product\/2460","targetHints":{"allow":["GET"]}}],"collection":[{"href":"https:\/\/lucaspets.cl\/index.php\/wp-json\/wp\/v2\/product"}],"about":[{"href":"https:\/\/lucaspets.cl\/index.php\/wp-json\/wp\/v2\/types\/product"}],"wp:featuredmedia":[{"embeddable":true,"href":"https:\/\/lucaspets.cl\/index.php\/wp-json\/wp\/v2\/media\/2461"}],"wp:attachment":[{"href":"https:\/\/lucaspets.cl\/index.php\/wp-json\/wp\/v2\/media?parent=2460"}],"wp:term":[{"taxonomy":"product_brand","embeddable":true,"href":"https:\/\/lucaspets.cl\/index.php\/wp-json\/wp\/v2\/product_brand?post=2460"},{"taxonomy":"product_cat","embeddable":true,"href":"https:\/\/lucaspets.cl\/index.php\/wp-json\/wp\/v2\/product_cat?post=2460"},{"taxonomy":"product_tag","embeddable":true,"href":"https:\/\/lucaspets.cl\/index.php\/wp-json\/wp\/v2\/product_tag?post=2460"}],"curies":[{"name":"wp","href":"https:\/\/api.w.org\/{rel}","templated":true}]}}