{"id":2467,"date":"2025-05-02T09:49:09","date_gmt":"2025-05-02T12:49:09","guid":{"rendered":"https:\/\/lucaspets.cl\/?post_type=product&#038;p=2467"},"modified":"2025-05-02T09:49:09","modified_gmt":"2025-05-02T12:49:09","slug":"ganacan-cachorro-22-kg","status":"publish","type":"product","link":"https:\/\/lucaspets.cl\/index.php\/product\/ganacan-cachorro-22-kg\/","title":{"rendered":"GANACAN CACHORRO 22 KG"},"content":{"rendered":"","protected":false},"excerpt":{"rendered":"<p>N\u00d3MINA DE INGREDIENTES<br \/>\nProte\u00ednas de origen animal: harina de subproductos de pollo, harina de carne y hueso vacuno, leche en polvo, harina de pescado; prote\u00ednas de origen vegetal: gluten de ma\u00edz, soja integral; cereales: arroz, trigo, ma\u00edz; saborizantes naturales: aceite de pollo, hidrolizado de subproductos vacunos, levadura de cerveza; fuente natural de DHA: aceite de pescado; fuente natural de fibras prebi\u00f3ticas: achicoria; vitaminas: A, D3, E, K, B1, B2, B3, B5, B6, B9, B12, biotina. Sal; colina; minerales: \u00f3xido de zinc, sulfato de cobre, \u00f3xido de manganeso, sulfato ferroso, selenito de sodio, iodato de calcio, carbonato de cobalto; antioxidantes: BHA, BHT.<\/p>\n<ul>\n<li>\n<div>Prote\u00edna bruta (m\u00ednimo) 25.0 %<\/div>\n<\/li>\n<li>\n<div>Extracto et\u00e9reo (m\u00ednimo) 10.0 %<\/div>\n<\/li>\n<li>\n<div>Fibra bruta (m\u00e1ximo) 4.5 %<\/div>\n<\/li>\n<li>\n<div>Minerales totales (m\u00e1ximo) 10.0 %<\/div>\n<\/li>\n<li>\n<div>Humedad (m\u00e1ximo) 10.0 %<\/div>\n<\/li>\n<li>\n<div>Calcio (m\u00ednimo y m\u00e1ximo) 1.1 \u2013 1.6 %<\/div>\n<\/li>\n<li>\n<div>F\u00f3sforo (m\u00ednimo y m\u00e1ximo) 0.9 \u2013 1.4 %<\/div>\n<\/li>\n<\/ul>\n","protected":false},"featured_media":2468,"template":"","meta":{"_kadence_starter_templates_imported_post":false,"_kad_post_transparent":"default","_kad_post_title":"","_kad_post_layout":"default","_kad_post_sidebar_id":"","_kad_post_content_style":"default","_kad_post_vertical_padding":"default","_kad_post_feature":"","_kad_post_feature_position":"","_kad_post_header":false,"_kad_post_footer":false},"product_brand":[],"product_cat":[28],"product_tag":[],"class_list":{"0":"post-2467","1":"product","2":"type-product","3":"status-publish","4":"has-post-thumbnail","6":"product_cat-alimento-de-perro","8":"first","9":"instock","10":"shipping-taxable","11":"purchasable","12":"product-type-simple","13":"entry","14":"content-bg","15":"loop-entry"},"_links":{"self":[{"href":"https:\/\/lucaspets.cl\/index.php\/wp-json\/wp\/v2\/product\/2467","targetHints":{"allow":["GET"]}}],"collection":[{"href":"https:\/\/lucaspets.cl\/index.php\/wp-json\/wp\/v2\/product"}],"about":[{"href":"https:\/\/lucaspets.cl\/index.php\/wp-json\/wp\/v2\/types\/product"}],"wp:featuredmedia":[{"embeddable":true,"href":"https:\/\/lucaspets.cl\/index.php\/wp-json\/wp\/v2\/media\/2468"}],"wp:attachment":[{"href":"https:\/\/lucaspets.cl\/index.php\/wp-json\/wp\/v2\/media?parent=2467"}],"wp:term":[{"taxonomy":"product_brand","embeddable":true,"href":"https:\/\/lucaspets.cl\/index.php\/wp-json\/wp\/v2\/product_brand?post=2467"},{"taxonomy":"product_cat","embeddable":true,"href":"https:\/\/lucaspets.cl\/index.php\/wp-json\/wp\/v2\/product_cat?post=2467"},{"taxonomy":"product_tag","embeddable":true,"href":"https:\/\/lucaspets.cl\/index.php\/wp-json\/wp\/v2\/product_tag?post=2467"}],"curies":[{"name":"wp","href":"https:\/\/api.w.org\/{rel}","templated":true}]}}