{"id":2611,"date":"2025-08-19T11:26:45","date_gmt":"2025-08-19T14:26:45","guid":{"rendered":"https:\/\/lucaspets.cl\/?post_type=product&#038;p=2611"},"modified":"2025-08-19T11:26:45","modified_gmt":"2025-08-19T14:26:45","slug":"master-cat-sabor-carne-20-kg","status":"publish","type":"product","link":"https:\/\/lucaspets.cl\/index.php\/product\/master-cat-sabor-carne-20-kg\/","title":{"rendered":"MASTER CAT SABOR CARNE 20 KG"},"content":{"rendered":"","protected":false},"excerpt":{"rendered":"<p>Ofrece lo mejor para tu felino con Master Cat Carne, un alimento espec\u00edficamente para los gatos adultos. Cada bocado est\u00e1 enriquecido con fibras naturales que favorecen una digesti\u00f3n saludable, ayudando a que las bolas de pelo se desplacen de manera eficiente a trav\u00e9s del sistema digestivo, lo cual es fundamental para prevenir el estre\u00f1imiento y otros problemas digestivos comunes.<\/p>\n","protected":false},"featured_media":2612,"template":"","meta":{"_kadence_starter_templates_imported_post":false,"_kad_post_transparent":"default","_kad_post_title":"","_kad_post_layout":"default","_kad_post_sidebar_id":"","_kad_post_content_style":"default","_kad_post_vertical_padding":"default","_kad_post_feature":"","_kad_post_feature_position":"","_kad_post_header":false,"_kad_post_footer":false},"product_brand":[],"product_cat":[29],"product_tag":[],"class_list":{"0":"post-2611","1":"product","2":"type-product","3":"status-publish","4":"has-post-thumbnail","6":"product_cat-alimento-de-gato","8":"first","9":"instock","10":"shipping-taxable","11":"purchasable","12":"product-type-simple","13":"entry","14":"content-bg","15":"loop-entry"},"_links":{"self":[{"href":"https:\/\/lucaspets.cl\/index.php\/wp-json\/wp\/v2\/product\/2611","targetHints":{"allow":["GET"]}}],"collection":[{"href":"https:\/\/lucaspets.cl\/index.php\/wp-json\/wp\/v2\/product"}],"about":[{"href":"https:\/\/lucaspets.cl\/index.php\/wp-json\/wp\/v2\/types\/product"}],"wp:featuredmedia":[{"embeddable":true,"href":"https:\/\/lucaspets.cl\/index.php\/wp-json\/wp\/v2\/media\/2612"}],"wp:attachment":[{"href":"https:\/\/lucaspets.cl\/index.php\/wp-json\/wp\/v2\/media?parent=2611"}],"wp:term":[{"taxonomy":"product_brand","embeddable":true,"href":"https:\/\/lucaspets.cl\/index.php\/wp-json\/wp\/v2\/product_brand?post=2611"},{"taxonomy":"product_cat","embeddable":true,"href":"https:\/\/lucaspets.cl\/index.php\/wp-json\/wp\/v2\/product_cat?post=2611"},{"taxonomy":"product_tag","embeddable":true,"href":"https:\/\/lucaspets.cl\/index.php\/wp-json\/wp\/v2\/product_tag?post=2611"}],"curies":[{"name":"wp","href":"https:\/\/api.w.org\/{rel}","templated":true}]}}