{"id":2658,"date":"2025-09-10T19:12:09","date_gmt":"2025-09-10T22:12:09","guid":{"rendered":"https:\/\/lucaspets.cl\/?post_type=product&#038;p=2658"},"modified":"2026-03-26T15:41:22","modified_gmt":"2026-03-26T18:41:22","slug":"alimento-para-gatos-cuchito-8-kg","status":"publish","type":"product","link":"https:\/\/lucaspets.cl\/index.php\/product\/alimento-para-gatos-cuchito-8-kg\/","title":{"rendered":"Alimento para gatos CUCHITO 8 kg"},"content":{"rendered":"<p><strong>Ingredientes:<\/strong><\/p>\n<p>Ma\u00edz; Salvado de trigo; Harina de carne y hueso bovino; Harina de soya; Harina de plumas hidrolizada; Grasa de aves de corral y\/o vegetal; Harina de pescado; Vitaminas y minerales (Vitaminas: Colina; E; B3; B2; B5; B1; A; B6; B12; K3; \u00c1cido F\u00f3lico; D3; H; Minerales: Potasio; Zinc; Hierro; Cobre; Yodo; Selenio); Cloruro de sodio; Colorantes autorizados; Bentonita y\/o zeolita; Preservantes; Aceite de pescado desodorizado (fuente deomega-3); Taurina; Metionina; Triptofano.<\/p>\n","protected":false},"excerpt":{"rendered":"<p>Alimento completo y balanceado para el rey de la casa.<br \/>\nDieta completa: sabrosa receta con niveles \u00f3ptimos de prote\u00ednas y energ\u00eda.<br \/>\nOmega 3 y 6: para un pelaje brillante y saludable<br \/>\nTaurina: niveles garantizados para un coraz\u00f3n sano<br \/>\nM\u00e1s de 25 vitaminas y minerales: asegurando el cuidado de su sistema inmunol\u00f3gico, saludar \u00f3sea y digestiva.<\/p>\n","protected":false},"featured_media":2659,"template":"","meta":{"_kadence_starter_templates_imported_post":false,"_kad_post_transparent":"default","_kad_post_title":"","_kad_post_layout":"default","_kad_post_sidebar_id":"","_kad_post_content_style":"default","_kad_post_vertical_padding":"default","_kad_post_feature":"","_kad_post_feature_position":"","_kad_post_header":false,"_kad_post_footer":false},"product_brand":[],"product_cat":[29],"product_tag":[],"class_list":{"0":"post-2658","1":"product","2":"type-product","3":"status-publish","4":"has-post-thumbnail","6":"product_cat-alimento-de-gato","8":"first","9":"instock","10":"sale","11":"shipping-taxable","12":"purchasable","13":"product-type-simple","14":"entry","15":"content-bg","16":"loop-entry"},"_links":{"self":[{"href":"https:\/\/lucaspets.cl\/index.php\/wp-json\/wp\/v2\/product\/2658","targetHints":{"allow":["GET"]}}],"collection":[{"href":"https:\/\/lucaspets.cl\/index.php\/wp-json\/wp\/v2\/product"}],"about":[{"href":"https:\/\/lucaspets.cl\/index.php\/wp-json\/wp\/v2\/types\/product"}],"wp:featuredmedia":[{"embeddable":true,"href":"https:\/\/lucaspets.cl\/index.php\/wp-json\/wp\/v2\/media\/2659"}],"wp:attachment":[{"href":"https:\/\/lucaspets.cl\/index.php\/wp-json\/wp\/v2\/media?parent=2658"}],"wp:term":[{"taxonomy":"product_brand","embeddable":true,"href":"https:\/\/lucaspets.cl\/index.php\/wp-json\/wp\/v2\/product_brand?post=2658"},{"taxonomy":"product_cat","embeddable":true,"href":"https:\/\/lucaspets.cl\/index.php\/wp-json\/wp\/v2\/product_cat?post=2658"},{"taxonomy":"product_tag","embeddable":true,"href":"https:\/\/lucaspets.cl\/index.php\/wp-json\/wp\/v2\/product_tag?post=2658"}],"curies":[{"name":"wp","href":"https:\/\/api.w.org\/{rel}","templated":true}]}}